{"id":61,"date":"2023-01-23T22:17:03","date_gmt":"2023-01-23T22:17:03","guid":{"rendered":"https:\/\/seaheaven.ozon.hr\/?page_id=61"},"modified":"2025-02-12T18:44:48","modified_gmt":"2025-02-12T18:44:48","slug":"kontakt","status":"publish","type":"page","link":"https:\/\/seaheaven.ozon.hr\/?page_id=61","title":{"rendered":""},"content":{"rendered":"\n<p class=\"has-text-align-center\">Mo\u017eete nas kontaktirati na mobilni telefon:<br>+385 98 423221<br>ili putem obrasca na stranici<br><a href=\"https:\/\/seaheaven.ozon.hr\/kontakt\/\" data-type=\"URL\" data-id=\"https:\/\/seaheaven.ozon.hr\/kontakt\/\"><strong><span style=\"text-decoration: underline;\"><\/span><\/strong><\/a><strong><a href=\"https:\/\/seaheaven.ozon.hr\/?page_id=105\">CIJENE I REZERVACIJA<\/a><\/strong>.<\/p>\n\n\n\n<p><\/p>\n\n\n\n<p class=\"has-text-align-center\">Na\u0161a adresa je:<br>Sea Heaven Apartment <br>E. Batini\u0107-Ivani\u0161evi\u0107<br>Bratu\u0161 65<br>21320 Ba\u0161ka Voda<br>Hrvatska<\/p>\n\n\n\n<p class=\"has-text-align-center\"><\/p>\n\n\n\t\t<div id=\"wpmapblock_a75300d9\" data-settings='{&quot;map_marker&quot;:[{&quot;id&quot;:&quot;0&quot;,&quot;lat&quot;:&quot;43.3284924&quot;,&quot;lng&quot;:&quot;16.9777437&quot;,&quot;title&quot;:&quot;Seaheaven Apartment&quot;,&quot;content&quot;:&quot;Bratu\\u0161 65, 21320, Ba\\u0161ka Voda, Croatia&quot;,&quot;iconType&quot;:&quot;default&quot;,&quot;customIconUrl&quot;:&quot;&quot;,&quot;customIconWidth&quot;:&quot;25&quot;,&quot;customIconHeight&quot;:&quot;40&quot;}],&quot;map_zoom&quot;:&quot;13&quot;,&quot;scroll_wheel_zoom&quot;:false,&quot;map_type&quot;:&quot;GM&quot;,&quot;center_index&quot;:0}' class=\"wpmapblockrender\" style=\"\n\t\t\twidth: 100%;\n\t\t\theight: 500px;\n\t\t\"><\/div>\n        \n\n\n<p><\/p>\n\n\n\n<p><\/p>\n","protected":false},"excerpt":{"rendered":"<p>Mo\u017eete nas kontaktirati na mobilni telefon:+385 98 423221ili putem obrasca na straniciCIJENE I REZERVACIJA. Na\u0161a adresa je:Sea Heaven Apartment E. Batini\u0107-Ivani\u0161evi\u0107Bratu\u0161 6521320 Ba\u0161ka VodaHrvatska<\/p>\n","protected":false},"author":1,"featured_media":0,"parent":0,"menu_order":0,"comment_status":"closed","ping_status":"closed","template":"","meta":{"footnotes":""},"class_list":["post-61","page","type-page","status-publish","hentry"],"_links":{"self":[{"href":"https:\/\/seaheaven.ozon.hr\/index.php?rest_route=\/wp\/v2\/pages\/61","targetHints":{"allow":["GET"]}}],"collection":[{"href":"https:\/\/seaheaven.ozon.hr\/index.php?rest_route=\/wp\/v2\/pages"}],"about":[{"href":"https:\/\/seaheaven.ozon.hr\/index.php?rest_route=\/wp\/v2\/types\/page"}],"author":[{"embeddable":true,"href":"https:\/\/seaheaven.ozon.hr\/index.php?rest_route=\/wp\/v2\/users\/1"}],"replies":[{"embeddable":true,"href":"https:\/\/seaheaven.ozon.hr\/index.php?rest_route=%2Fwp%2Fv2%2Fcomments&post=61"}],"version-history":[{"count":45,"href":"https:\/\/seaheaven.ozon.hr\/index.php?rest_route=\/wp\/v2\/pages\/61\/revisions"}],"predecessor-version":[{"id":326,"href":"https:\/\/seaheaven.ozon.hr\/index.php?rest_route=\/wp\/v2\/pages\/61\/revisions\/326"}],"wp:attachment":[{"href":"https:\/\/seaheaven.ozon.hr\/index.php?rest_route=%2Fwp%2Fv2%2Fmedia&parent=61"}],"curies":[{"name":"wp","href":"https:\/\/api.w.org\/{rel}","templated":true}]}}