{"id":179,"date":"2023-01-24T21:49:56","date_gmt":"2023-01-24T21:49:56","guid":{"rendered":"https:\/\/seaheaven.ozon.hr\/?page_id=179"},"modified":"2025-02-16T21:44:33","modified_gmt":"2025-02-16T21:44:33","slug":"pocetna","status":"publish","type":"page","link":"https:\/\/seaheaven.ozon.hr\/","title":{"rendered":""},"content":{"rendered":"\n<div class=\"wp-block-columns is-layout-flex wp-container-core-columns-is-layout-2 wp-block-columns-is-layout-flex\">\n<div class=\"wp-block-column is-layout-flow wp-block-column-is-layout-flow\">\n<p><\/p>\n\n\n\n<div class=\"wp-block-columns is-layout-flex wp-container-core-columns-is-layout-1 wp-block-columns-is-layout-flex\">\n<div class=\"wp-block-column is-vertically-aligned-center has-medium-font-size is-layout-flow wp-block-column-is-layout-flow\">\n<p>Dobrodo\u0161li na web stranicu apartmana <br>Sea Heaven Bratu\u0161.<\/p>\n\n\n\n<p>Nudimo vam moderno opremljen 2+1 apartman u mjestu Bratu\u0161, na \u010duvenoj Makarskoj Rivijeri.<\/p>\n\n\n\n<p>U sklopu apartmana na raspolaganju vam je:<\/p>\n\n\n\n<ul class=\"wp-block-list\">\n<li>spava\u0107a soba<\/li>\n\n\n\n<li>kuhinja <\/li>\n\n\n\n<li>blagovaonica s dnevnim boravakom<\/li>\n\n\n\n<li>kupaonica<br><br><\/li>\n<\/ul>\n<\/div>\n\n\n\n<div class=\"wp-block-column is-layout-flow wp-block-column-is-layout-flow\">\n<figure class=\"wp-block-image size-large\"><img loading=\"lazy\" width=\"1024\" height=\"788\" src=\"https:\/\/seaheaven.ozon.hr\/wp-content\/uploads\/2023\/01\/DSC_0196ok-RES-e1674585686928-1024x788.jpg\" alt=\"\" class=\"wp-image-6\" srcset=\"https:\/\/seaheaven.ozon.hr\/wp-content\/uploads\/2023\/01\/DSC_0196ok-RES-e1674585686928-1024x788.jpg 1024w, https:\/\/seaheaven.ozon.hr\/wp-content\/uploads\/2023\/01\/DSC_0196ok-RES-e1674585686928-300x231.jpg 300w, https:\/\/seaheaven.ozon.hr\/wp-content\/uploads\/2023\/01\/DSC_0196ok-RES-e1674585686928-768x591.jpg 768w, https:\/\/seaheaven.ozon.hr\/wp-content\/uploads\/2023\/01\/DSC_0196ok-RES-e1674585686928-1536x1182.jpg 1536w, https:\/\/seaheaven.ozon.hr\/wp-content\/uploads\/2023\/01\/DSC_0196ok-RES-e1674585686928-1140x877.jpg 1140w, https:\/\/seaheaven.ozon.hr\/wp-content\/uploads\/2023\/01\/DSC_0196ok-RES-e1674585686928.jpg 1608w\" sizes=\"auto, (max-width: 1024px) 100vw, 1024px\" \/><\/figure>\n\n\n\n<p><\/p>\n<\/div>\n<\/div>\n<\/div>\n<\/div>\n\n\n\n<hr class=\"wp-block-separator has-text-color has-vivid-cyan-blue-color has-alpha-channel-opacity has-vivid-cyan-blue-background-color has-background is-style-wide\"\/>\n\n\n\n<p><br><\/p>\n\n\n\n<div class=\"wp-block-columns is-layout-flex wp-container-core-columns-is-layout-3 wp-block-columns-is-layout-flex\">\n<div class=\"wp-block-column is-layout-flow wp-block-column-is-layout-flow\">\n<figure class=\"wp-block-image size-large\"><img loading=\"lazy\" width=\"1024\" height=\"768\" src=\"https:\/\/seaheaven.ozon.hr\/wp-content\/uploads\/2023\/01\/IMG_20190811_133337-RES-1024x768.jpg\" alt=\"\" class=\"wp-image-16\" srcset=\"https:\/\/seaheaven.ozon.hr\/wp-content\/uploads\/2023\/01\/IMG_20190811_133337-RES-1024x768.jpg 1024w, https:\/\/seaheaven.ozon.hr\/wp-content\/uploads\/2023\/01\/IMG_20190811_133337-RES-300x225.jpg 300w, https:\/\/seaheaven.ozon.hr\/wp-content\/uploads\/2023\/01\/IMG_20190811_133337-RES-768x576.jpg 768w, https:\/\/seaheaven.ozon.hr\/wp-content\/uploads\/2023\/01\/IMG_20190811_133337-RES-1536x1152.jpg 1536w, https:\/\/seaheaven.ozon.hr\/wp-content\/uploads\/2023\/01\/IMG_20190811_133337-RES-1568x1176.jpg 1568w, https:\/\/seaheaven.ozon.hr\/wp-content\/uploads\/2023\/01\/IMG_20190811_133337-RES.jpg 1920w\" sizes=\"auto, (max-width: 1024px) 100vw, 1024px\" \/><\/figure>\n<\/div>\n\n\n\n<div class=\"wp-block-column is-vertically-aligned-center is-layout-flow wp-block-column-is-layout-flow\">\n<p class=\"has-medium-font-size\"><br>U blagovaonici sa dnevnim boravkom nalazi se stol i tri stolice, kau\u010d na rasklapanje, koji mo\u017ee slu\u017eiti kao pomo\u010dni le\u017eaj. <\/p>\n\n\n\n<p class=\"has-medium-font-size\">U dnevnom boravku se nalazi televizija sa nacionalnim programima.<\/p>\n\n\n\n<p><\/p>\n<\/div>\n<\/div>\n\n\n\n<div class=\"wp-block-columns is-layout-flex wp-container-core-columns-is-layout-5 wp-block-columns-is-layout-flex\">\n<div class=\"wp-block-column is-layout-flow wp-block-column-is-layout-flow\">\n<hr class=\"wp-block-separator has-text-color has-vivid-cyan-blue-color has-alpha-channel-opacity has-vivid-cyan-blue-background-color has-background is-style-wide\"\/>\n\n\n\n<p><\/p>\n\n\n\n<div class=\"wp-block-columns is-layout-flex wp-container-core-columns-is-layout-4 wp-block-columns-is-layout-flex\">\n<div class=\"wp-block-column is-layout-flow wp-block-column-is-layout-flow\">\n<p class=\"has-medium-font-size\"><br>Moderno opremljena kuhinja je u sklopu blagovaonice. <\/p>\n\n\n\n<p class=\"has-medium-font-size\">Na raspolaganju su vam: <\/p>\n\n\n\n<ul class=\"wp-block-list has-medium-font-size\">\n<li>fri\u017eider<\/li>\n\n\n\n<li>elektri\u010dni \u0161tednjak s pe\u0107nicom<\/li>\n\n\n\n<li>kuhalo za vodu<\/li>\n\n\n\n<li>pribor i posu\u0111e za kuhanje<\/li>\n\n\n\n<li>pribor za jelo i \u010da\u0161e<br><br><\/li>\n<\/ul>\n<\/div>\n\n\n\n<div class=\"wp-block-column is-vertically-aligned-center is-layout-flow wp-block-column-is-layout-flow\">\n<figure class=\"wp-block-image size-large\"><img loading=\"lazy\" width=\"1024\" height=\"768\" src=\"https:\/\/seaheaven.ozon.hr\/wp-content\/uploads\/2023\/01\/IMG_20190811_133355-RES-1024x768.jpg\" alt=\"\" class=\"wp-image-17\" srcset=\"https:\/\/seaheaven.ozon.hr\/wp-content\/uploads\/2023\/01\/IMG_20190811_133355-RES-1024x768.jpg 1024w, https:\/\/seaheaven.ozon.hr\/wp-content\/uploads\/2023\/01\/IMG_20190811_133355-RES-300x225.jpg 300w, https:\/\/seaheaven.ozon.hr\/wp-content\/uploads\/2023\/01\/IMG_20190811_133355-RES-768x576.jpg 768w, https:\/\/seaheaven.ozon.hr\/wp-content\/uploads\/2023\/01\/IMG_20190811_133355-RES-1536x1152.jpg 1536w, https:\/\/seaheaven.ozon.hr\/wp-content\/uploads\/2023\/01\/IMG_20190811_133355-RES-1568x1176.jpg 1568w, https:\/\/seaheaven.ozon.hr\/wp-content\/uploads\/2023\/01\/IMG_20190811_133355-RES.jpg 1920w\" sizes=\"auto, (max-width: 1024px) 100vw, 1024px\" \/><\/figure>\n\n\n\n<p><\/p>\n<\/div>\n<\/div>\n<\/div>\n<\/div>\n\n\n\n<hr class=\"wp-block-separator has-text-color has-vivid-cyan-blue-color has-alpha-channel-opacity has-vivid-cyan-blue-background-color has-background is-style-wide\"\/>\n\n\n\n<p><br><\/p>\n\n\n\n<div class=\"wp-block-columns is-layout-flex wp-container-core-columns-is-layout-6 wp-block-columns-is-layout-flex\">\n<div class=\"wp-block-column is-layout-flow wp-block-column-is-layout-flow\">\n<figure class=\"wp-block-image size-large\"><img loading=\"lazy\" width=\"1024\" height=\"768\" src=\"https:\/\/seaheaven.ozon.hr\/wp-content\/uploads\/2023\/01\/IMG_20190811_133454-RES-1024x768.jpg\" alt=\"\" class=\"wp-image-20\" srcset=\"https:\/\/seaheaven.ozon.hr\/wp-content\/uploads\/2023\/01\/IMG_20190811_133454-RES-1024x768.jpg 1024w, https:\/\/seaheaven.ozon.hr\/wp-content\/uploads\/2023\/01\/IMG_20190811_133454-RES-300x225.jpg 300w, https:\/\/seaheaven.ozon.hr\/wp-content\/uploads\/2023\/01\/IMG_20190811_133454-RES-768x576.jpg 768w, https:\/\/seaheaven.ozon.hr\/wp-content\/uploads\/2023\/01\/IMG_20190811_133454-RES-1536x1152.jpg 1536w, https:\/\/seaheaven.ozon.hr\/wp-content\/uploads\/2023\/01\/IMG_20190811_133454-RES-1568x1176.jpg 1568w, https:\/\/seaheaven.ozon.hr\/wp-content\/uploads\/2023\/01\/IMG_20190811_133454-RES.jpg 1920w\" sizes=\"auto, (max-width: 1024px) 100vw, 1024px\" \/><\/figure>\n<\/div>\n\n\n\n<div class=\"wp-block-column is-vertically-aligned-center is-layout-flow wp-block-column-is-layout-flow\">\n<p class=\"has-medium-font-size\"><br>Spava\u0107a soba ima krevet za dvije osobe, ormar i prozor sa predivnim pogledom na pla\u017eu i otoke.<\/p>\n\n\n\n<p class=\"has-medium-font-size\">Posteljina i dodatni pokriva\u010di su vam na raspolaganju.<\/p>\n\n\n\n<p class=\"has-medium-font-size\">Uz  sklopu sobe je kupaonica.<br><\/p>\n\n\n\n<p><\/p>\n<\/div>\n<\/div>\n\n\n\n<div class=\"wp-block-columns is-layout-flex wp-container-core-columns-is-layout-8 wp-block-columns-is-layout-flex\">\n<div class=\"wp-block-column is-layout-flow wp-block-column-is-layout-flow\">\n<hr class=\"wp-block-separator has-text-color has-vivid-cyan-blue-color has-alpha-channel-opacity has-vivid-cyan-blue-background-color has-background is-style-wide\"\/>\n\n\n\n<p><\/p>\n\n\n\n<div class=\"wp-block-columns are-vertically-aligned-center is-layout-flex wp-container-core-columns-is-layout-7 wp-block-columns-is-layout-flex\">\n<div class=\"wp-block-column is-vertically-aligned-center is-layout-flow wp-block-column-is-layout-flow\">\n<p class=\"has-medium-font-size\"><br>U kupaonicu se ulazi iz spava\u0107e sobe.<\/p>\n\n\n\n<p class=\"has-medium-font-size\">Na raspolaganju vam: <\/p>\n\n\n\n<ul class=\"wp-block-list has-medium-font-size\">\n<li>umivaonik<\/li>\n\n\n\n<li>tu\u0161 kada<\/li>\n\n\n\n<li>wc<\/li>\n\n\n\n<li>bojler za toplu vodu<\/li>\n\n\n\n<li>su\u0161ilo za kosu<\/li>\n\n\n\n<li>toaletni pribor<br><\/li>\n<\/ul>\n<\/div>\n\n\n\n<div class=\"wp-block-column is-vertically-aligned-center is-layout-flow wp-block-column-is-layout-flow\"><div class=\"wp-block-image\">\n<figure class=\"aligncenter size-medium is-resized\"><img loading=\"lazy\" width=\"263\" height=\"300\" src=\"https:\/\/seaheaven.ozon.hr\/wp-content\/uploads\/2023\/01\/IMG_20190811_133559-RES-e1674584908657-263x300.jpg\" alt=\"\" class=\"wp-image-24\" style=\"width:263px;height:300px\" srcset=\"https:\/\/seaheaven.ozon.hr\/wp-content\/uploads\/2023\/01\/IMG_20190811_133559-RES-e1674584908657-263x300.jpg 263w, https:\/\/seaheaven.ozon.hr\/wp-content\/uploads\/2023\/01\/IMG_20190811_133559-RES-e1674584908657-899x1024.jpg 899w, https:\/\/seaheaven.ozon.hr\/wp-content\/uploads\/2023\/01\/IMG_20190811_133559-RES-e1674584908657-768x875.jpg 768w, https:\/\/seaheaven.ozon.hr\/wp-content\/uploads\/2023\/01\/IMG_20190811_133559-RES-e1674584908657-1348x1536.jpg 1348w, https:\/\/seaheaven.ozon.hr\/wp-content\/uploads\/2023\/01\/IMG_20190811_133559-RES-e1674584908657-1140x1299.jpg 1140w, https:\/\/seaheaven.ozon.hr\/wp-content\/uploads\/2023\/01\/IMG_20190811_133559-RES-e1674584908657.jpg 1440w\" sizes=\"auto, (max-width: 263px) 100vw, 263px\" \/><\/figure><\/div>\n\n\n<p><\/p>\n<\/div>\n<\/div>\n<\/div>\n<\/div>\n\n\n\n<hr class=\"wp-block-separator has-text-color has-vivid-cyan-blue-color has-alpha-channel-opacity has-vivid-cyan-blue-background-color has-background is-style-wide\"\/>\n\n\n\n<p class=\"has-text-align-center has-medium-font-size\"><br>Apartman je klimatiziran, a kori\u0161tenje klima ure\u0111aja se ne napla\u0107uje dodatno.<\/p>\n\n\n\n<p class=\"has-text-align-center has-medium-font-size\">Gostima apartmana je su na raspolaganju le\u017ealjke za sun\u010danje.<\/p>\n\n\n\n<p class=\"has-text-align-center has-medium-font-size\">U apartmanu nije dopu\u0161teno pu\u0161enje.<\/p>\n\n\n\n<p class=\"has-text-align-center has-medium-font-size\">Mali ku\u0107ni ljubimci su dobrodo\u0161li na upit, za njih zara\u010dunavamo dnevnu naknadu.<br><br><\/p>\n\n\n\n<hr class=\"wp-block-separator has-text-color has-vivid-cyan-blue-color has-alpha-channel-opacity has-vivid-cyan-blue-background-color has-background is-style-wide\"\/>\n","protected":false},"excerpt":{"rendered":"<p>Dobrodo\u0161li na web stranicu apartmana Sea Heaven Bratu\u0161. Nudimo vam moderno opremljen 2+1 apartman u mjestu Bratu\u0161, na \u010duvenoj Makarskoj Rivijeri. U sklopu apartmana na raspolaganju vam je: U blagovaonici sa dnevnim boravkom nalazi se stol i tri stolice, kau\u010d na rasklapanje, koji mo\u017ee slu\u017eiti kao pomo\u010dni le\u017eaj. U dnevnom boravku se nalazi televizija sa nacionalnim programima. Moderno opremljena kuhinja je u sklopu blagovaonice. Na raspolaganju su vam: Spava\u0107a soba ima krevet za dvije osobe, ormar i prozor sa predivnim pogledom na pla\u017eu i otoke. Posteljina i dodatni pokriva\u010di su vam na raspolaganju. Uz sklopu sobe je kupaonica. U kupaonicu se ulazi iz spava\u0107e sobe. Na raspolaganju vam: Apartman je klimatiziran, a kori\u0161tenje klima ure\u0111aja se ne napla\u0107uje dodatno. Gostima apartmana je su na raspolaganju le\u017ealjke za sun\u010danje. U apartmanu nije dopu\u0161teno pu\u0161enje. Mali ku\u0107ni ljubimci su dobrodo\u0161li na upit, za njih zara\u010dunavamo dnevnu naknadu.<\/p>\n","protected":false},"author":1,"featured_media":0,"parent":0,"menu_order":0,"comment_status":"closed","ping_status":"closed","template":"","meta":{"footnotes":""},"class_list":["post-179","page","type-page","status-publish","hentry"],"_links":{"self":[{"href":"https:\/\/seaheaven.ozon.hr\/index.php?rest_route=\/wp\/v2\/pages\/179","targetHints":{"allow":["GET"]}}],"collection":[{"href":"https:\/\/seaheaven.ozon.hr\/index.php?rest_route=\/wp\/v2\/pages"}],"about":[{"href":"https:\/\/seaheaven.ozon.hr\/index.php?rest_route=\/wp\/v2\/types\/page"}],"author":[{"embeddable":true,"href":"https:\/\/seaheaven.ozon.hr\/index.php?rest_route=\/wp\/v2\/users\/1"}],"replies":[{"embeddable":true,"href":"https:\/\/seaheaven.ozon.hr\/index.php?rest_route=%2Fwp%2Fv2%2Fcomments&post=179"}],"version-history":[{"count":9,"href":"https:\/\/seaheaven.ozon.hr\/index.php?rest_route=\/wp\/v2\/pages\/179\/revisions"}],"predecessor-version":[{"id":363,"href":"https:\/\/seaheaven.ozon.hr\/index.php?rest_route=\/wp\/v2\/pages\/179\/revisions\/363"}],"wp:attachment":[{"href":"https:\/\/seaheaven.ozon.hr\/index.php?rest_route=%2Fwp%2Fv2%2Fmedia&parent=179"}],"curies":[{"name":"wp","href":"https:\/\/api.w.org\/{rel}","templated":true}]}}