{"id":105,"date":"2023-01-24T10:06:26","date_gmt":"2023-01-24T10:06:26","guid":{"rendered":"https:\/\/seaheaven.ozon.hr\/?page_id=105"},"modified":"2025-02-12T18:46:51","modified_gmt":"2025-02-12T18:46:51","slug":"rezervacija","status":"publish","type":"page","link":"https:\/\/seaheaven.ozon.hr\/?page_id=105","title":{"rendered":""},"content":{"rendered":"\n<figure class=\"wp-block-table is-style-stripes has-small-font-size\"><table><tbody><tr><td class=\"has-text-align-center\" data-align=\"center\">01.05.2025.<\/td><td class=\"has-text-align-center\" data-align=\"center\">13.06.2025.<\/td><td class=\"has-text-align-center\" data-align=\"center\">80 EUR\/dnevno<\/td><\/tr><tr><td class=\"has-text-align-center\" data-align=\"center\">14.06.2025.<\/td><td class=\"has-text-align-center\" data-align=\"center\">19.09.2025.<\/td><td class=\"has-text-align-center\" data-align=\"center\">100 EUR\/dnevno<\/td><\/tr><tr><td class=\"has-text-align-center\" data-align=\"center\">20.09.2025.<\/td><td class=\"has-text-align-center\" data-align=\"center\">31.10.2025.<\/td><td class=\"has-text-align-center\" data-align=\"center\">80 EUR\/dnevno<\/td><\/tr><\/tbody><\/table><\/figure>\n\n\n\n<p class=\"has-text-align-center\"><br>Odaberite datum dolaska i datum odlaska. Ispod kalendara \u0107e vam se pojaviti obra\u010dun. <br>Nakon \u0161to upi\u0161ete va\u0161 email i poruku, po\u0161aljite podatke.<br>Mi \u0107emo vam se javiti u najkra\u0107em roku kako bismo vam poslali uvjete za kona\u010dnu potvrdu rezervacije. <br><\/p>\n\n\n\n<p><\/p>\n\n\n<style type=\"text\/css\">\r\n#dex_bccf_pform .rcalendar .ui-datepicker-multi .ui-datepicker-group{width:33% !important}#dex_bccf_pform .rcalendar .ui-datepicker-multi .ui-datepicker-group{min-width:200px !important}#dex_bccf_pform .ui-datepicker:not(.ui-datepicker-multi){min-width:200px}#dex_bccf_pform .rcalendar .ui-datepicker-multi .ui-datepicker-group{max-width:400px !important}#dex_bccf_pform .ui-datepicker:not(.ui-datepicker-multi){max-width:400px}#dex_bccf_pform tr th span,#dex_bccf_pform tr th a,#dex_bccf_pform tr td span, #dex_bccf_pform tr td a{padding:0px}<\/style><form class=\"cpp_form\" name=\"dex_bccf_pform\" id=\"dex_bccf_pform\" action=\"\" method=\"post\" enctype=\"multipart\/form-data\" onsubmit=\"return doValidate(this);\"><input name=\"dex_bccf_post\" type=\"hidden\" value=\"1\" \/><input type=\"hidden\" name=\"_wpnonce\" value=\"a0acd2ef59\" \/>\r\n<script>\r\nvar pathCalendar = \"\/\";\r\n<\/script>\r\n<div style=\"display:none\" id=\"bccfcalselectionarea\">\r\nCalendar:<br \/><select name=\"dex_item\" id=\"dex_item\" onchange=\"dex_updateItem()\"><option value=1>Kalendar rezervacija<\/option><\/select><br \/><br \/>\r\n<\/div>\r\n<div id=\"bccfcalarea\">\r\n<label id=\"bccfselectdates\">Select start and end dates:<\/label>\r\n<div id=\"calarea1\" style=\"display:none\" class=\"rcalendar\"><\/div><div id=\"bccf_display_price\" >\r\nPrice:\r\n<\/div>\r\n<\/div>\r\n<div id=\"selddiv\" style=\"font-weight: bold;margin-top:0px;padding-top:0px;padding-right:3px;padding-left:3px;\"><\/div>\r\n<script type=\"text\/javascript\"> var dex_current_calendar_item;\r\n function dex_updateItem()\r\n {\r\n    document.getElementById(\"calarea\"+dex_current_calendar_item).style.display = \"none\";\r\n    var i = document.dex_bccf_pform.dex_item.options.selectedIndex;\r\n    var selecteditem = document.dex_bccf_pform.dex_item.options[i].value;\r\n    dex_do_init(selecteditem);\r\n }\r\n function dex_do_init(id)\r\n {\r\nmyjQuery = (typeof myjQuery != 'undefined' ) ? myjQuery : jQuery;\r\n  try{$testjq = myjQuery} catch (e) {}\r\n  if (typeof $testjq == 'undefined')\r\n  {\r\n    setTimeout(\"dex_do_init(\"+id+\");\");\r\n    return;\r\n  }    \r\n  myjQuery(function(){\r\n    (function($) {         \r\n        dex_current_calendar_item = id;\r\n        document.getElementById(\"calarea\"+dex_current_calendar_item).style.display = \"\";\r\n        $calendarjQuery = myjQuery;\r\n        $calendarjQuery(function() {\r\n        $calendarjQuery(\"#calarea\"+id).rcalendar({\"calendarId\":id,\r\n                                                    \"partialDate\":true,\r\n                                                    \"defaultColor\":'FC3',\r\n                                                    \"partial_defaultColor\":'FC3',\r\n                                                    \"edition\":false,\r\n                                                    \"minDate\":\"01\/05\/2025\",\r\n                                                    \"maxDate\":\"31\/10\/2025\",\r\n                                                    \"dformat\":\"dd\/mm\/yy\",\r\n                                                    \"workingDates\":[1,1,1,1,1,1,1],\r\n\t    \t\t\t                                \"holidayDates\":[],\r\n\t    \t\t\t                                \"startReservationWeekly\":[1,1,1,1,1,1,1],\r\n\t    \t\t\t                                \"startReservationDates\":[],\r\n\t    \t\t\t                                \"fixedReservationDates\":false,\r\n\t    \t\t\t                                \"fixedReservationDates_length\":1,\r\n                                                    \"language\":\"hr\",\r\n                                                    \"firstDay\":1,\r\n                                                    \"numberOfMonths\":3                                                    });\r\n        });\r\n        $calendarjQuery(\"#calarea\"+id).addClass('notranslate');\r\n        document.getElementById(\"selddiv\").innerHTML = \"\";\r\n    })(myjQuery);\r\n    });\r\n }\r\n function bccf_init_cal(){\r\n    if (window.jQuery){\r\n        dex_do_init(1);\r\n    }\r\n    else{\r\n       window.setTimeout(\"bccf_init_cal();\",100);\r\n    }\r\n }\r\n bccf_init_cal();\r\n var bccf_d1 = \"\";\r\n var bccf_d2 = \"\";\r\n var bccf_ser = \"\";\r\n function updatedate()\r\n {\r\n    try\r\n    {\r\n        var a = (document.getElementById(\"selDay_startcalarea\"+dex_current_calendar_item ).value != '');\r\n        var b = (document.getElementById(\"selDay_endcalarea\"+dex_current_calendar_item ).value != '');\r\n        var c = false;\r\n        if (a)\r\n        {\r\n          if (!b && false)\r\n          {\r\n            b = a;              \r\n            document.getElementById(\"selDay_endcalarea\"+dex_current_calendar_item ).value = document.getElementById(\"selDay_startcalarea\"+dex_current_calendar_item ).value;\r\n            document.getElementById(\"selMonth_endcalarea\"+dex_current_calendar_item ).value = document.getElementById(\"selMonth_startcalarea\"+dex_current_calendar_item ).value;\r\n            document.getElementById(\"selYear_endcalarea\"+dex_current_calendar_item ).value = document.getElementById(\"selYear_startcalarea\"+dex_current_calendar_item ).value;\r\n          }\r\n          if (b)\r\n            c = true;    \r\n        }\r\n        if (c)\r\n        {\r\n            var d1 = document.getElementById(\"selYear_startcalarea\"+dex_current_calendar_item ).value+\"-\"+document.getElementById(\"selMonth_startcalarea\"+dex_current_calendar_item ).value+\"-\"+document.getElementById(\"selDay_startcalarea\"+dex_current_calendar_item ).value;\r\n            var d2 = document.getElementById(\"selYear_endcalarea\"+dex_current_calendar_item ).value+\"-\"+document.getElementById(\"selMonth_endcalarea\"+dex_current_calendar_item ).value+\"-\"+document.getElementById(\"selDay_endcalarea\"+dex_current_calendar_item ).value;\r\n            $dexQuery = (typeof myjQuery != 'undefined' ) ? myjQuery : jQuery;\r\n            var ser = \"\";            if (bccf_d1 != d1 || bccf_d2 != d2 || bccf_ser != ser)\r\n            {\r\n                bccf_d1 = d1;\r\n                bccf_d2 = d2;\r\n                bccf_ser = ser;\r\n                $dexQuery.ajax({\r\n                  type: \"GET\",\r\n                  url: \"\/?dex_bccf=getcost\"+String.fromCharCode(38)+\"inAdmin=1\"+String.fromCharCode(38)+\"dex_item=\"+dex_current_calendar_item+\"\"+String.fromCharCode(38)+\"from=\"+d1+\"\"+String.fromCharCode(38)+\"to=\"+d2+\"\"+ser\r\n                }).done(function( html ) {\r\n                    document.getElementById(\"bccf_display_price\").innerHTML = '';\r\n                    $dexQuery(\"#bccf_display_price\").append('<b>Cost:<\/b> EUR '+html);\r\n                });\r\n            }\r\n        }\r\n        else\r\n        {\r\n            bccf_d1 = \"\";\r\n            bccf_d2 = \"\";\r\n            document.getElementById(\"bccf_display_price\").innerHTML = '';\r\n        }\r\n    } catch (e) {}\r\n }\r\n setInterval('updatedate()',200); var cp_bccf_ready_to_go = false;\r\n function doValidate(form)\r\n {\r\n    if (cp_bccf_ready_to_go) return;\r\n    $dexQuery = (typeof myjQuery != 'undefined' ) ? myjQuery : jQuery;    var d1 = new Date(document.getElementById(\"selYear_startcalarea\"+dex_current_calendar_item ).value,document.getElementById(\"selMonth_startcalarea\"+dex_current_calendar_item ).value-1,document.getElementById(\"selDay_startcalarea\"+dex_current_calendar_item ).value);\r\n    var d2 = new Date(document.getElementById(\"selYear_endcalarea\"+dex_current_calendar_item ).value,document.getElementById(\"selMonth_endcalarea\"+dex_current_calendar_item ).value-1,document.getElementById(\"selDay_endcalarea\"+dex_current_calendar_item ).value);\r\n    var ONE_DAY = 1000 * 60 * 60 * 24;\r\n    var nights = Math.round(Math.abs(d2.getTime() - d1.getTime()) \/ ONE_DAY);        document.dex_bccf_pform.dex_bccf_ref_page.value = document.location;    if (document.getElementById(\"selDay_startcalarea\"+dex_current_calendar_item).value == '' || document.getElementById(\"selDay_endcalarea\"+dex_current_calendar_item).value == '')\r\n    {\r\n        alert('Please select start and end dates.');\r\n        return false;\r\n    }\r\n    if (nights < 2){\r\n        alert('The minimum number of nights to book is 2');\r\n        return false;\r\n    }\r\n    if (nights > 30){\r\n        alert('The maximum number of nights to book is 30');\r\n        return false;\r\n    }        {\r\n        var cpefb_error = 0;\r\n        $dexQuery(\"#dex_bccf_pform\").find(\".cpefb_error\").each(function(index){\r\n            if ($dexQuery(this).css(\"display\")!=\"none\")\r\n                cpefb_error++;    \r\n            });\r\n        if (cpefb_error) return false;    \r\n        cp_bccf_ready_to_go = true;\r\n        cpbccf_blink(\".pbSubmit\");        \r\n        document.getElementById(\"form_structure\").value = '';        \r\n        return true;\r\n    }    \r\n }\r\n function cpbccf_cerror(){$dexQuery = jQuery.noConflict();$dexQuery(\"#hdcaptcha_error\").css('top',$dexQuery(\"#hdcaptcha_dex_bccf_post\").outerHeight());$dexQuery(\"#hdcaptcha_error\").css(\"display\",\"inline\");} \r\n function cpbccf_blink(selector){\r\n        try {   \r\n            $dexQuery = jQuery.noConflict();\r\n            $dexQuery(selector).fadeOut(1000, function(){\r\n                $dexQuery(this).fadeIn(1000, function(){\r\n                    try {\r\n                        if (cp_bccf_ready_to_go)\r\n                            cpbccf_blink(this); \r\n                    } catch (e) {}  \r\n                });\r\n            });        \r\n        } catch (e) {}             \r\n }\r\n<\/script><input type=\"hidden\" name=\"dex_bccf_pform_process\" value=\"1\" \/><input type=\"hidden\" name=\"dex_bccf_id\" value=\"1\" \/><input type=\"hidden\" name=\"dex_bccf_ref_page\" value=\"\" \/><input type=\"hidden\" name=\"form_structure\" id=\"form_structure\" size=\"180\" value=\"[[{&quot;name&quot;:&quot;email&quot;,&quot;index&quot;:0,&quot;title&quot;:&quot;Email&quot;,&quot;ftype&quot;:&quot;femail&quot;,&quot;userhelp&quot;:&quot;&quot;,&quot;csslayout&quot;:&quot;&quot;,&quot;required&quot;:true,&quot;predefined&quot;:&quot;&quot;,&quot;size&quot;:&quot;medium&quot;,&quot;shortlabel&quot;:&quot;email&quot;,&quot;userhelpTooltip&quot;:&quot;&quot;,&quot;predefinedClick&quot;:false,&quot;equalTo&quot;:&quot;&quot;},{&quot;name&quot;:&quot;message&quot;,&quot;index&quot;:1,&quot;size&quot;:&quot;large&quot;,&quot;required&quot;:true,&quot;title&quot;:&quot;Va\\u0161a poruka:&quot;,&quot;ftype&quot;:&quot;ftextarea&quot;,&quot;userhelp&quot;:&quot;&quot;,&quot;csslayout&quot;:&quot;&quot;,&quot;predefined&quot;:&quot;&quot;,&quot;shortlabel&quot;:&quot;poruka&quot;,&quot;userhelpTooltip&quot;:&quot;&quot;,&quot;predefinedClick&quot;:false,&quot;minlength&quot;:&quot;&quot;,&quot;maxlength&quot;:&quot;&quot;}],[{&quot;title&quot;:&quot;Upit&quot;,&quot;description&quot;:&quot;&quot;,&quot;formlayout&quot;:&quot;top_aligned&quot;}]]\" \/>\r\n  <div id=\"fbuilder\">\r\n      <div id=\"formheader\"><\/div>\r\n      <div id=\"fieldlist\"><\/div>\r\n  <\/div>\r\n<div style=\"display:none\">  \r\n<div id=\"cpcaptchalayer\">\r\n<\/div>\r\n<\/div>\r\n<div id=\"cp_subbtn\" class=\"cp_subbtn\">Continue<\/div>\r\n<\/form>\n\n\n<p><\/p>\n\n\n\n<p><\/p>\n","protected":false},"excerpt":{"rendered":"<p>01.05.2025. 13.06.2025. 80 EUR\/dnevno 14.06.2025. 19.09.2025. 100 EUR\/dnevno 20.09.2025. 31.10.2025. 80 EUR\/dnevno Odaberite datum dolaska i datum odlaska. Ispod kalendara \u0107e vam se pojaviti obra\u010dun. Nakon \u0161to upi\u0161ete va\u0161 email i poruku, po\u0161aljite podatke.Mi \u0107emo vam se javiti u najkra\u0107em roku kako bismo vam poslali uvjete za kona\u010dnu potvrdu rezervacije.<\/p>\n","protected":false},"author":1,"featured_media":0,"parent":0,"menu_order":0,"comment_status":"closed","ping_status":"closed","template":"","meta":{"footnotes":""},"class_list":["post-105","page","type-page","status-publish","hentry"],"_links":{"self":[{"href":"https:\/\/seaheaven.ozon.hr\/index.php?rest_route=\/wp\/v2\/pages\/105","targetHints":{"allow":["GET"]}}],"collection":[{"href":"https:\/\/seaheaven.ozon.hr\/index.php?rest_route=\/wp\/v2\/pages"}],"about":[{"href":"https:\/\/seaheaven.ozon.hr\/index.php?rest_route=\/wp\/v2\/types\/page"}],"author":[{"embeddable":true,"href":"https:\/\/seaheaven.ozon.hr\/index.php?rest_route=\/wp\/v2\/users\/1"}],"replies":[{"embeddable":true,"href":"https:\/\/seaheaven.ozon.hr\/index.php?rest_route=%2Fwp%2Fv2%2Fcomments&post=105"}],"version-history":[{"count":13,"href":"https:\/\/seaheaven.ozon.hr\/index.php?rest_route=\/wp\/v2\/pages\/105\/revisions"}],"predecessor-version":[{"id":365,"href":"https:\/\/seaheaven.ozon.hr\/index.php?rest_route=\/wp\/v2\/pages\/105\/revisions\/365"}],"wp:attachment":[{"href":"https:\/\/seaheaven.ozon.hr\/index.php?rest_route=%2Fwp%2Fv2%2Fmedia&parent=105"}],"curies":[{"name":"wp","href":"https:\/\/api.w.org\/{rel}","templated":true}]}}